{"id":847,"date":"2021-07-28T12:54:51","date_gmt":"2021-07-28T12:54:51","guid":{"rendered":"https:\/\/oficiantemalaga.es\/contact\/"},"modified":"2026-03-27T11:12:57","modified_gmt":"2026-03-27T11:12:57","slug":"contact","status":"publish","type":"page","link":"https:\/\/oficiantemalaga.es\/en\/contact\/","title":{"rendered":"Contact"},"content":{"rendered":"\n<p>We can conduct your civil ceremony in Spanish or in French, English, Italian, Portuguese, Swedish, and German. Also in 2 languages at once.  <em><strong>Request a video call interview!<\/strong><\/em><\/p>\n<div class=\"wp-block-image\">\n<figure class=\"aligncenter size-large is-resized\"><img decoding=\"async\" src=\"https:\/\/oficiantesandalucia.es\/wp-content\/uploads\/2024\/02\/Banderas-oficiantes-Celebrants-Spain_F01-1-1024x116.png\" alt=\"\" class=\"wp-image-1037\" style=\"width:652px;height:auto\"\/><\/figure>\n<\/div>\n<p><em>To check availability, please send us an email or a WhatsApp message with the following information:<\/em><\/p>\n\n<p>Date of the ceremony:<\/p>\n\n<p>Time of the ceremony:<\/p>\n\n<p>Ceremony location: Hotel, estate, restaurant&#8230;<\/p>\n\n<p>Municipality:<\/p>\n\n<p>Approximate number of guests:<\/p>\n\n<p>Language(s):<\/p>\n\n<p><strong>By email:<\/strong> <em>antonio@oficiantemalaga.es<\/em><\/p>\n\n<p><strong>By WhatsApp:<\/strong> (+34) 699 903 691<\/p>\n","protected":false},"excerpt":{"rendered":"<p>We can conduct your civil ceremony in Spanish or in French, English, Italian, Portuguese, Swedish, and German. Also in 2 languages at once. Request a video call interview! To check availability, please send us an [&hellip;]<\/p>\n","protected":false},"author":1,"featured_media":0,"parent":0,"menu_order":0,"comment_status":"closed","ping_status":"closed","template":"","meta":{"footnotes":""},"class_list":["post-847","page","type-page","status-publish","hentry"],"yoast_head":"<!-- This site is optimized with the Yoast SEO plugin v27.5 - https:\/\/yoast.com\/product\/yoast-seo-wordpress\/ -->\n<title>Contact - Oficiante bodas M\u00e1laga<\/title>\n<meta name=\"description\" content=\"Wedding officiant M\u00e1laga, civil ceremony officiant in M\u00e1laga, master of ceremonies M\u00e1laga, Marbella, Sotogrande, Ronda, Nerja.\" \/>\n<meta name=\"robots\" content=\"index, follow, max-snippet:-1, max-image-preview:large, max-video-preview:-1\" \/>\n<link rel=\"canonical\" href=\"https:\/\/oficiantemalaga.es\/en\/contact\/\" \/>\n<meta property=\"og:locale\" content=\"en_US\" \/>\n<meta property=\"og:type\" content=\"article\" \/>\n<meta property=\"og:title\" content=\"Contact - Oficiante bodas M\u00e1laga\" \/>\n<meta property=\"og:description\" content=\"Wedding officiant M\u00e1laga, civil ceremony officiant in M\u00e1laga, master of ceremonies M\u00e1laga, Marbella, Sotogrande, Ronda, Nerja.\" \/>\n<meta property=\"og:url\" content=\"https:\/\/oficiantemalaga.es\/en\/contact\/\" \/>\n<meta property=\"og:site_name\" content=\"Oficiante bodas M\u00e1laga\" \/>\n<meta property=\"article:modified_time\" content=\"2026-03-27T11:12:57+00:00\" \/>\n<meta property=\"og:image\" content=\"https:\/\/oficiantemalaga.es\/wp-content\/uploads\/2021\/07\/Oficiante-bodas-Velez.jpeg\" \/>\n\t<meta property=\"og:image:width\" content=\"1900\" \/>\n\t<meta property=\"og:image:height\" content=\"1266\" \/>\n\t<meta property=\"og:image:type\" content=\"image\/jpeg\" \/>\n<meta name=\"twitter:card\" content=\"summary_large_image\" \/>\n<script type=\"application\/ld+json\" class=\"yoast-schema-graph\">{\"@context\":\"https:\\\/\\\/schema.org\",\"@graph\":[{\"@type\":\"WebPage\",\"@id\":\"https:\\\/\\\/oficiantemalaga.es\\\/en\\\/contact\\\/\",\"url\":\"https:\\\/\\\/oficiantemalaga.es\\\/en\\\/contact\\\/\",\"name\":\"Contact - Oficiante bodas M\u00e1laga\",\"isPartOf\":{\"@id\":\"https:\\\/\\\/oficiantemalaga.es\\\/en\\\/#website\"},\"primaryImageOfPage\":{\"@id\":\"https:\\\/\\\/oficiantemalaga.es\\\/en\\\/contact\\\/#primaryimage\"},\"image\":{\"@id\":\"https:\\\/\\\/oficiantemalaga.es\\\/en\\\/contact\\\/#primaryimage\"},\"thumbnailUrl\":\"https:\\\/\\\/oficiantesandalucia.es\\\/wp-content\\\/uploads\\\/2024\\\/02\\\/Banderas-oficiantes-Celebrants-Spain_F01-1-1024x116.png\",\"datePublished\":\"2021-07-28T12:54:51+00:00\",\"dateModified\":\"2026-03-27T11:12:57+00:00\",\"description\":\"Wedding officiant M\u00e1laga, civil ceremony officiant in M\u00e1laga, master of ceremonies M\u00e1laga, Marbella, Sotogrande, Ronda, Nerja.\",\"breadcrumb\":{\"@id\":\"https:\\\/\\\/oficiantemalaga.es\\\/en\\\/contact\\\/#breadcrumb\"},\"inLanguage\":\"en-US\",\"potentialAction\":[{\"@type\":\"ReadAction\",\"target\":[\"https:\\\/\\\/oficiantemalaga.es\\\/en\\\/contact\\\/\"]}]},{\"@type\":\"ImageObject\",\"inLanguage\":\"en-US\",\"@id\":\"https:\\\/\\\/oficiantemalaga.es\\\/en\\\/contact\\\/#primaryimage\",\"url\":\"https:\\\/\\\/oficiantesandalucia.es\\\/wp-content\\\/uploads\\\/2024\\\/02\\\/Banderas-oficiantes-Celebrants-Spain_F01-1-1024x116.png\",\"contentUrl\":\"https:\\\/\\\/oficiantesandalucia.es\\\/wp-content\\\/uploads\\\/2024\\\/02\\\/Banderas-oficiantes-Celebrants-Spain_F01-1-1024x116.png\"},{\"@type\":\"BreadcrumbList\",\"@id\":\"https:\\\/\\\/oficiantemalaga.es\\\/en\\\/contact\\\/#breadcrumb\",\"itemListElement\":[{\"@type\":\"ListItem\",\"position\":1,\"name\":\"Portada\",\"item\":\"https:\\\/\\\/oficiantemalaga.es\\\/en\\\/\"},{\"@type\":\"ListItem\",\"position\":2,\"name\":\"Contact\"}]},{\"@type\":\"WebSite\",\"@id\":\"https:\\\/\\\/oficiantemalaga.es\\\/en\\\/#website\",\"url\":\"https:\\\/\\\/oficiantemalaga.es\\\/en\\\/\",\"name\":\"Oficiante bodas M\u00e1laga\",\"description\":\"Ceremonias personalizadas\",\"publisher\":{\"@id\":\"https:\\\/\\\/oficiantemalaga.es\\\/en\\\/#organization\"},\"potentialAction\":[{\"@type\":\"SearchAction\",\"target\":{\"@type\":\"EntryPoint\",\"urlTemplate\":\"https:\\\/\\\/oficiantemalaga.es\\\/en\\\/?s={search_term_string}\"},\"query-input\":{\"@type\":\"PropertyValueSpecification\",\"valueRequired\":true,\"valueName\":\"search_term_string\"}}],\"inLanguage\":\"en-US\"},{\"@type\":\"Organization\",\"@id\":\"https:\\\/\\\/oficiantemalaga.es\\\/en\\\/#organization\",\"name\":\"Oficiante bodas M\u00e1laga\",\"url\":\"https:\\\/\\\/oficiantemalaga.es\\\/en\\\/\",\"logo\":{\"@type\":\"ImageObject\",\"inLanguage\":\"en-US\",\"@id\":\"https:\\\/\\\/oficiantemalaga.es\\\/en\\\/#\\\/schema\\\/logo\\\/image\\\/\",\"url\":\"https:\\\/\\\/oficiantemalaga.es\\\/wp-content\\\/uploads\\\/2025\\\/05\\\/Oficiante.jpeg\",\"contentUrl\":\"https:\\\/\\\/oficiantemalaga.es\\\/wp-content\\\/uploads\\\/2025\\\/05\\\/Oficiante.jpeg\",\"width\":368,\"height\":393,\"caption\":\"Oficiante bodas M\u00e1laga\"},\"image\":{\"@id\":\"https:\\\/\\\/oficiantemalaga.es\\\/en\\\/#\\\/schema\\\/logo\\\/image\\\/\"},\"sameAs\":[\"https:\\\/\\\/www.instagram.com\\\/oficiante_bodas_malaga\"]}]}<\/script>\n<!-- \/ Yoast SEO plugin. -->","yoast_head_json":{"title":"Contact - Oficiante bodas M\u00e1laga","description":"Wedding officiant M\u00e1laga, civil ceremony officiant in M\u00e1laga, master of ceremonies M\u00e1laga, Marbella, Sotogrande, Ronda, Nerja.","robots":{"index":"index","follow":"follow","max-snippet":"max-snippet:-1","max-image-preview":"max-image-preview:large","max-video-preview":"max-video-preview:-1"},"canonical":"https:\/\/oficiantemalaga.es\/en\/contact\/","og_locale":"en_US","og_type":"article","og_title":"Contact - Oficiante bodas M\u00e1laga","og_description":"Wedding officiant M\u00e1laga, civil ceremony officiant in M\u00e1laga, master of ceremonies M\u00e1laga, Marbella, Sotogrande, Ronda, Nerja.","og_url":"https:\/\/oficiantemalaga.es\/en\/contact\/","og_site_name":"Oficiante bodas M\u00e1laga","article_modified_time":"2026-03-27T11:12:57+00:00","og_image":[{"width":1900,"height":1266,"url":"https:\/\/oficiantemalaga.es\/wp-content\/uploads\/2021\/07\/Oficiante-bodas-Velez.jpeg","type":"image\/jpeg"}],"twitter_card":"summary_large_image","schema":{"@context":"https:\/\/schema.org","@graph":[{"@type":"WebPage","@id":"https:\/\/oficiantemalaga.es\/en\/contact\/","url":"https:\/\/oficiantemalaga.es\/en\/contact\/","name":"Contact - Oficiante bodas M\u00e1laga","isPartOf":{"@id":"https:\/\/oficiantemalaga.es\/en\/#website"},"primaryImageOfPage":{"@id":"https:\/\/oficiantemalaga.es\/en\/contact\/#primaryimage"},"image":{"@id":"https:\/\/oficiantemalaga.es\/en\/contact\/#primaryimage"},"thumbnailUrl":"https:\/\/oficiantesandalucia.es\/wp-content\/uploads\/2024\/02\/Banderas-oficiantes-Celebrants-Spain_F01-1-1024x116.png","datePublished":"2021-07-28T12:54:51+00:00","dateModified":"2026-03-27T11:12:57+00:00","description":"Wedding officiant M\u00e1laga, civil ceremony officiant in M\u00e1laga, master of ceremonies M\u00e1laga, Marbella, Sotogrande, Ronda, Nerja.","breadcrumb":{"@id":"https:\/\/oficiantemalaga.es\/en\/contact\/#breadcrumb"},"inLanguage":"en-US","potentialAction":[{"@type":"ReadAction","target":["https:\/\/oficiantemalaga.es\/en\/contact\/"]}]},{"@type":"ImageObject","inLanguage":"en-US","@id":"https:\/\/oficiantemalaga.es\/en\/contact\/#primaryimage","url":"https:\/\/oficiantesandalucia.es\/wp-content\/uploads\/2024\/02\/Banderas-oficiantes-Celebrants-Spain_F01-1-1024x116.png","contentUrl":"https:\/\/oficiantesandalucia.es\/wp-content\/uploads\/2024\/02\/Banderas-oficiantes-Celebrants-Spain_F01-1-1024x116.png"},{"@type":"BreadcrumbList","@id":"https:\/\/oficiantemalaga.es\/en\/contact\/#breadcrumb","itemListElement":[{"@type":"ListItem","position":1,"name":"Portada","item":"https:\/\/oficiantemalaga.es\/en\/"},{"@type":"ListItem","position":2,"name":"Contact"}]},{"@type":"WebSite","@id":"https:\/\/oficiantemalaga.es\/en\/#website","url":"https:\/\/oficiantemalaga.es\/en\/","name":"Oficiante bodas M\u00e1laga","description":"Ceremonias personalizadas","publisher":{"@id":"https:\/\/oficiantemalaga.es\/en\/#organization"},"potentialAction":[{"@type":"SearchAction","target":{"@type":"EntryPoint","urlTemplate":"https:\/\/oficiantemalaga.es\/en\/?s={search_term_string}"},"query-input":{"@type":"PropertyValueSpecification","valueRequired":true,"valueName":"search_term_string"}}],"inLanguage":"en-US"},{"@type":"Organization","@id":"https:\/\/oficiantemalaga.es\/en\/#organization","name":"Oficiante bodas M\u00e1laga","url":"https:\/\/oficiantemalaga.es\/en\/","logo":{"@type":"ImageObject","inLanguage":"en-US","@id":"https:\/\/oficiantemalaga.es\/en\/#\/schema\/logo\/image\/","url":"https:\/\/oficiantemalaga.es\/wp-content\/uploads\/2025\/05\/Oficiante.jpeg","contentUrl":"https:\/\/oficiantemalaga.es\/wp-content\/uploads\/2025\/05\/Oficiante.jpeg","width":368,"height":393,"caption":"Oficiante bodas M\u00e1laga"},"image":{"@id":"https:\/\/oficiantemalaga.es\/en\/#\/schema\/logo\/image\/"},"sameAs":["https:\/\/www.instagram.com\/oficiante_bodas_malaga"]}]}},"_links":{"self":[{"href":"https:\/\/oficiantemalaga.es\/en\/wp-json\/wp\/v2\/pages\/847","targetHints":{"allow":["GET"]}}],"collection":[{"href":"https:\/\/oficiantemalaga.es\/en\/wp-json\/wp\/v2\/pages"}],"about":[{"href":"https:\/\/oficiantemalaga.es\/en\/wp-json\/wp\/v2\/types\/page"}],"author":[{"embeddable":true,"href":"https:\/\/oficiantemalaga.es\/en\/wp-json\/wp\/v2\/users\/1"}],"replies":[{"embeddable":true,"href":"https:\/\/oficiantemalaga.es\/en\/wp-json\/wp\/v2\/comments?post=847"}],"version-history":[{"count":3,"href":"https:\/\/oficiantemalaga.es\/en\/wp-json\/wp\/v2\/pages\/847\/revisions"}],"predecessor-version":[{"id":1190,"href":"https:\/\/oficiantemalaga.es\/en\/wp-json\/wp\/v2\/pages\/847\/revisions\/1190"}],"wp:attachment":[{"href":"https:\/\/oficiantemalaga.es\/en\/wp-json\/wp\/v2\/media?parent=847"}],"curies":[{"name":"wp","href":"https:\/\/api.w.org\/{rel}","templated":true}]}}