{"id":835,"date":"2021-08-02T13:55:59","date_gmt":"2021-08-02T13:55:59","guid":{"rendered":"https:\/\/oficiantemalaga.es\/avis\/"},"modified":"2026-01-14T11:10:04","modified_gmt":"2026-01-14T11:10:04","slug":"avis","status":"publish","type":"page","link":"https:\/\/oficiantemalaga.es\/fr\/avis\/","title":{"rendered":"Avis"},"content":{"rendered":"\n<p><\/p>\n\n<p>Voici quelques captures d&#8217;\u00e9cran des avis de nos couples et voici un <a href=\"https:\/\/g.co\/kgs\/jLjBSoG\">lien<\/a> vers les avis qui apparaissent sur Google.<\/p>\n<div class=\"wp-block-image\">\n<figure class=\"alignleft is-resized\"><img decoding=\"async\" src=\"https:\/\/oficiantesandalucia.es\/wp-content\/uploads\/2024\/04\/Opiniones-y-comentarios-Oficiantes-Celebrant-F01-1-300x200.jpg.webp\" alt=\"Opinions et commentaires des officiants de mariage\" class=\"wp-image-1421\" style=\"width:430px\"\/><\/figure>\n<\/div>\n<p><strong>L&#8217;officiant parfait<\/strong>.<br\/>Antonio a c\u00e9l\u00e9br\u00e9 notre mariage en espagnol et en anglais, il s&#8217;est parfaitement adapt\u00e9 \u00e0 nos pr\u00e9f\u00e9rences pour la c\u00e9r\u00e9monie et c&#8217;\u00e9tait formidable. Tout \u00e9tait tr\u00e8s professionnel et bien pr\u00e9par\u00e9, c&#8217;\u00e9tait un moment que nous n&#8217;oublierons jamais et gr\u00e2ce \u00e0 lui, c&#8217;\u00e9tait tr\u00e8s sp\u00e9cial. Je le recommanderais sans h\u00e9sitation.  <\/p>\n\n<hr class=\"wp-block-separator has-alpha-channel-opacity\"\/>\n<div class=\"wp-block-image\">\n<figure class=\"alignleft is-resized\"><img decoding=\"async\" src=\"https:\/\/oficiantesandalucia.es\/wp-content\/uploads\/2024\/04\/Opiniones-y-comentarios-Oficiantes-Celebrant-F02.jpg.webp\" alt=\"\" class=\"wp-image-1428\" style=\"width:430px\"\/><\/figure>\n<\/div>\n<p><strong>Un luxe de pouvoir compter sur lui<\/strong>.<br\/>L&#8217;exp\u00e9rience se fait sentir et cela, dans les moments difficiles d&#8217;une c\u00e9r\u00e9monie, vous transmet la tranquillit\u00e9 dont vous avez besoin.<br\/>Il guide parfaitement la c\u00e9r\u00e9monie et les rituels qu&#8217;il propose sont tr\u00e8s appropri\u00e9s pour tout le monde.<br\/>Un luxe d&#8217;avoir pu compter sur lui lors de notre mariage.<br\/>Je le recommande \u00e0 100 %<\/p>\n\n<hr class=\"wp-block-separator has-alpha-channel-opacity\"\/>\n<div class=\"wp-block-image\">\n<figure class=\"alignleft is-resized\"><img decoding=\"async\" src=\"https:\/\/oficiantesandalucia.es\/wp-content\/uploads\/2024\/04\/Opiniones-y-comentarios-Oficiantes-Celebrant-F03.jpg.webp\" alt=\"\" class=\"wp-image-1430\" style=\"width:430px\"\/><\/figure>\n<\/div>\n<p><strong>Excellent !!!<\/strong><br\/>D\u00e8s le premier instant, Antonio a compris comment nous imaginions notre c\u00e9r\u00e9monie et le fait qu&#8217;il puisse la faire \u00e0 la fois en anglais et en espagnol \u00e9tait absolument parfait, cela a permis d&#8217;unir nos familles ce jour-l\u00e0. Ce fut une c\u00e9r\u00e9monie tr\u00e8s \u00e9mouvante et les rituels et lectures l&#8217;ont rendue ainsi. Super recommand\u00e9.  <\/p>\n\n<hr class=\"wp-block-separator has-alpha-channel-opacity\"\/>\n<div class=\"wp-block-image\">\n<figure class=\"alignleft is-resized\"><img decoding=\"async\" src=\"https:\/\/oficiantesandalucia.es\/wp-content\/uploads\/2024\/04\/Opiniones-y-comentarios-Oficiantes-Celebrant-F04.jpg.webp\" alt=\"\" class=\"wp-image-1434\" style=\"width:430px\"\/><\/figure>\n<\/div>\n<p><strong>C\u00e9r\u00e9monie parfaite.<\/strong><br\/>Notre c\u00e9r\u00e9monie a \u00e9t\u00e9 parfaite, tout \u00e9tait bien guid\u00e9, coordonn\u00e9 et c&#8217;\u00e9tait tr\u00e8s beau. Nos amis ont pris la parole, nous avons lu nos v\u0153ux et tout le monde est reparti enchant\u00e9.<br\/>Nous le recommandons. <\/p>\n\n<hr class=\"wp-block-separator has-alpha-channel-opacity\"\/>\n<div class=\"wp-block-image\">\n<figure class=\"alignleft is-resized\"><img decoding=\"async\" src=\"https:\/\/oficiantesandalucia.es\/wp-content\/uploads\/2024\/04\/Opiniones-y-comentarios-Oficiantes-Celebrant-F05.jpg.webp\" alt=\"\" class=\"wp-image-1441\" style=\"width:430px\"\/><\/figure>\n<\/div>\n<p><strong>Une c\u00e9r\u00e9monie \u00e9mouvante<\/strong>.<br\/>La c\u00e9r\u00e9monie \u00e9tait tr\u00e8s belle. D\u00e8s le premier instant, ils nous ont expliqu\u00e9 les doutes que nous avions et ils nous ont toujours assist\u00e9s lorsque cela \u00e9tait n\u00e9cessaire.<br\/>Les invit\u00e9s ont particip\u00e9 \u00e0 la c\u00e9r\u00e9monie et ont \u00e9t\u00e9 aussi \u00e9mus que la famille la plus proche. <\/p>\n\n<hr class=\"wp-block-separator has-alpha-channel-opacity\"\/>\n<div class=\"wp-block-image\">\n<figure class=\"alignleft is-resized\"><img decoding=\"async\" src=\"https:\/\/oficiantesandalucia.es\/wp-content\/uploads\/2024\/04\/Opiniones-y-comentarios-Oficiantes-Celebrant-F06-1.jpg.webp\" alt=\"\" class=\"wp-image-1444\" style=\"width:430px\"\/><\/figure>\n<\/div>\n<p><strong>Une c\u00e9r\u00e9monie tr\u00e8s belle et divertissante<\/strong>.<br\/>Nous avons trouv\u00e9 Antonio et Tina sur le site web bodas.net. Comme nous sommes un couple international, nous avions besoin d&#8217;officiants bilingues, espagnol et allemand.<br\/>Le premier contact avec Tina a \u00e9t\u00e9 super aimable, elle nous a tr\u00e8s bien expliqu\u00e9 son service et la proc\u00e9dure. Ils vous laissent beaucoup de flexibilit\u00e9 dans le processus. Nous avons adapt\u00e9 le sc\u00e9nario de mariage qu&#8217;ils nous ont envoy\u00e9 et nous avons ajout\u00e9 un rituel de whisky tr\u00e8s typique \u00e9cossais qu&#8217;ils nous ont pr\u00e9par\u00e9 sans probl\u00e8me.<br\/>Antonio et Tina ont c\u00e9l\u00e9br\u00e9 la c\u00e9r\u00e9monie ensemble, lui en espagnol et elle en allemand. Selon nos invit\u00e9s, ce fut une c\u00e9r\u00e9monie tr\u00e8s belle et divertissante. Et, elle ne leur a pas du tout sembl\u00e9 longue ou ennuyeuse.<br\/>Nous sommes ravis du r\u00e9sultat et de leur professionnalisme. Sans aucun doute, nous les engagerions \u00e0 nouveau.      <\/p>\n\n<hr class=\"wp-block-separator has-alpha-channel-opacity\"\/>\n<div class=\"wp-block-image\">\n<figure class=\"alignleft is-resized\"><img decoding=\"async\" src=\"https:\/\/oficiantesandalucia.es\/wp-content\/uploads\/2024\/04\/Opiniones-y-comentarios-Oficiantes-Celebrant-F07-1.jpg.webp\" alt=\"\" class=\"wp-image-1450\" style=\"width:430px\"\/><\/figure>\n<\/div>\n<p><strong>Professionnel de 10.<\/strong><br\/>Quelle chance nous avons eu de conna\u00eetre Antonio ! Sympathique, aimable, attentionn\u00e9&#8230; Super professionnel, il r\u00e9sout tous vos doutes en un clin d&#8217;\u0153il&#8230; Nous avons fait un essai avant la c\u00e9r\u00e9monie, il nous a expliqu\u00e9 ce que nous devions faire et dire \u00e0 tout moment. Quand je me remarierai, je le choisirai \u00e0 nouveau ! Merci, Antonio !   <\/p>\n\n<hr class=\"wp-block-separator has-alpha-channel-opacity\"\/>\n<div class=\"wp-block-image\">\n<figure class=\"alignleft is-resized\"><img decoding=\"async\" src=\"https:\/\/oficiantesandalucia.es\/wp-content\/uploads\/2024\/04\/Opiniones-y-comentarios-Oficiantes-Celebrant-F08.jpg.webp\" alt=\"\" class=\"wp-image-1452\" style=\"width:430px\"\/><\/figure>\n<\/div>\n<p><strong>Grand professionnel<\/strong>.<br\/>Merci \u00e0 Antonio, de nous avoir assist\u00e9s aimablement tout au long du processus.<br\/>De nous avoir guid\u00e9s et dirig\u00e9s. Et surtout d&#8217;avoir r\u00e9alis\u00e9 une c\u00e9r\u00e9monie de mention honorable. Merci.  <\/p>\n\n<hr class=\"wp-block-separator has-alpha-channel-opacity\"\/>\n<div class=\"wp-block-image\">\n<figure class=\"alignleft is-resized\"><img decoding=\"async\" src=\"https:\/\/oficiantesandalucia.es\/wp-content\/uploads\/2024\/04\/Opiniones-y-comentarios-Oficiantes-Celebrant-F09-1.jpg.webp\" alt=\"\" class=\"wp-image-1462\" style=\"width:430px\"\/><\/figure>\n<\/div>\n<p><strong>Mariage de Lauren et Arnaud \/ Lauren and Arnaud wedding<\/strong>.<br\/>Grande flexibilit\u00e9. Excellente sonorisation et haut-parleur. F\u00e9licitations pour une performance exceptionnelle.<br\/>\u2014\u2014\u2014\u2014\u2014\u2014\u2014\u2014\u2014\u2014\u2014\u2014\u2014\u2014\u2013<br\/>Grande flexibilit\u00e9. Excellent d\u00e9bit et orateur. F\u00e9licitations pour une performance exceptionnelle.    <\/p>\n\n<hr class=\"wp-block-separator has-alpha-channel-opacity\"\/>\n<div class=\"wp-block-image\">\n<figure class=\"alignleft is-resized\"><img decoding=\"async\" src=\"https:\/\/oficiantesandalucia.es\/wp-content\/uploads\/2024\/04\/Opiniones-y-comentarios-Oficiantes-Celebrant-F10-1.jpg.webp\" alt=\"\" class=\"wp-image-1461\" style=\"width:430px\"\/><\/figure>\n<\/div>\n<p><strong>Spectaculaire<\/strong>.<br\/>Antonio nous a rendu les choses tr\u00e8s faciles d\u00e8s le d\u00e9but.<br\/>Grand professionnel, charmant et proche.<br\/>Un plaisir qu&#8217;il ait \u00e9t\u00e9 notre c\u00e9r\u00e9moniaire.<br\/>Merci.<\/p>\n\n<hr class=\"wp-block-separator has-alpha-channel-opacity\"\/>\n<div class=\"wp-block-image\">\n<figure class=\"alignleft is-resized\"><img decoding=\"async\" src=\"https:\/\/oficiantesandalucia.es\/wp-content\/uploads\/2024\/04\/Opiniones-y-comentarios-Oficiantes-Celebrant-F11.jpg.webp\" alt=\"\" class=\"wp-image-1464\" style=\"width:430px\"\/><\/figure>\n<\/div>\n<p><strong>Excellent service<\/strong>.<br\/>Notre mariage a \u00e9t\u00e9 c\u00e9l\u00e9br\u00e9 par Isabel, le 4 septembre dernier, et tout s&#8217;est parfaitement d\u00e9roul\u00e9.<br\/>La distance n&#8217;a pos\u00e9 aucun probl\u00e8me pour eux, car ils se sont adapt\u00e9s aux circonstances.<br\/>De grandes personnes, attentionn\u00e9es, aimables, et la c\u00e9r\u00e9monie, super \u00e9mouvante.<br\/>Nous les recommandons sans aucun doute, qualit\u00e9 maximale !<\/p>\n\n<hr class=\"wp-block-separator has-alpha-channel-opacity\"\/>\n<div class=\"wp-block-image\">\n<figure class=\"alignleft is-resized\"><img decoding=\"async\" src=\"https:\/\/oficiantesandalucia.es\/wp-content\/uploads\/2024\/04\/Opiniones-y-comentarios-Oficiantes-Celebrant-F12.jpg.webp\" alt=\"\" class=\"wp-image-1466\" style=\"width:430px\"\/><\/figure>\n<\/div>\n<p><strong>Antonio, une grande personne<\/strong>.<br\/>Nous sommes super reconnaissants de la fa\u00e7on dont Antonio a c\u00e9l\u00e9br\u00e9 notre union.<br\/>Il est super \u00e9motif dans ses paroles et c&#8217;est un grand professionnel.<br\/>En tant que personne, il est super aimable et nous a beaucoup aid\u00e9s \u00e0 \u00eatre plus tranquilles.<br\/>Merci et mille fois merci pour ton excellent travail.<br\/>Un \u00e9norme bisou de Pedro et Yoana.<\/p>\n\n<hr class=\"wp-block-separator has-alpha-channel-opacity\"\/>\n<div class=\"wp-block-image\">\n<figure class=\"alignleft is-resized\"><img decoding=\"async\" src=\"https:\/\/oficiantesandalucia.es\/wp-content\/uploads\/2024\/04\/Opiniones-y-comentarios-Oficiantes-Celebrant-F14.jpg.webp\" alt=\"\" class=\"wp-image-1468\" style=\"width:430px\"\/><\/figure>\n<\/div>\n<p><strong>Excellent \u2013 solennel et proche<\/strong>.<br\/>Nous avons connu Antonio gr\u00e2ce \u00e0 Mar\u00eda del Mar, la responsable du Tim\u00f3n de Roche. Nous cherchions un officiant bilingue (espagnol-anglais). Ce fut une excellente id\u00e9e de compter sur Antonio le jour de notre mariage, car il savait transmettre \u00e0 la fois solennit\u00e9, proximit\u00e9 et joie, en pronon\u00e7ant un tr\u00e8s beau discours sur l&#8217;amour qui correspondait \u00e0 nos sentiments. Nous avons parl\u00e9 avec lui par t\u00e9l\u00e9phone et par Skype pour \u00ab concevoir \u00bb ensemble la c\u00e9r\u00e9monie, il nous a donn\u00e9 de bons conseils et s&#8217;est adapt\u00e9 \u00e0 nos pr\u00e9f\u00e9rences. Beaucoup d&#8217;invit\u00e9s nous ont dit qu&#8217;ils avaient ador\u00e9 la c\u00e9r\u00e9monie, et pour nous, ce fut quelque chose de magique et d&#8217;inoubliable. Merci beaucoup, Antonio !     <\/p>\n\n<hr class=\"wp-block-separator has-alpha-channel-opacity\"\/>\n<div class=\"wp-block-image\">\n<figure class=\"alignleft is-resized\"><img decoding=\"async\" src=\"https:\/\/oficiantesandalucia.es\/wp-content\/uploads\/2024\/04\/Opiniones-y-comentarios-Oficiantes-Celebrant-F15.jpg.webp\" alt=\"\" class=\"wp-image-1470\" style=\"width:430px;height:auto\"\/><\/figure>\n<\/div>\n<p><strong>Le meilleur du meilleur<\/strong>.<br\/>Une excellente personne, il n&#8217;y a pas de mots pour d\u00e9crire Antonio, imbattable, je le recommande \u00e0 cent pour cent. Merci, Antonio, pour la c\u00e9r\u00e9monie si belle. <\/p>\n\n<hr class=\"wp-block-separator has-alpha-channel-opacity\"\/>\n<div class=\"wp-block-image\">\n<figure class=\"alignleft is-resized\"><img decoding=\"async\" src=\"https:\/\/oficiantesandalucia.es\/wp-content\/uploads\/2024\/04\/Opiniones-y-comentarios-Oficiantes-Celebrant-F16.jpg.webp\" alt=\"\" class=\"wp-image-1472\" style=\"width:430px\"\/><\/figure>\n<\/div>\n<p><strong>Un service fantastique.<\/strong><br\/>Ils l&#8217;ont fait en 2 langues avec un sc\u00e9nario qu&#8217;ils nous ont remis avant pour l&#8217;adapter. Nous avons inclus quelques extras et des personnes qui ont voulu prendre la parole et ils ont \u00e9t\u00e9 tr\u00e8s flexibles avec tout changement ou chose que nous voulions ajouter. Ce fut une c\u00e9r\u00e9monie tr\u00e8s belle gr\u00e2ce aussi \u00e0 leur bon et professionnel travail. Tr\u00e8s recommand\u00e9.   <\/p>\n\n<hr class=\"wp-block-separator has-alpha-channel-opacity\"\/>\n<div class=\"wp-block-image\">\n<figure class=\"alignleft is-resized\"><img decoding=\"async\" src=\"https:\/\/oficiantesandalucia.es\/wp-content\/uploads\/2024\/04\/Opiniones-y-comentarios-Oficiantes-Celebrant-F17.jpg.webp\" alt=\"\" class=\"wp-image-1475\" style=\"width:430px\"\/><\/figure>\n<\/div>\n<p><strong>Tout s&#8217;est super bien pass\u00e9.<\/strong><br\/>J&#8217;ai engag\u00e9 Antonio depuis l&#8217;\u00e9tranger et nous avons fait les rencontres par Skype. Il s&#8217;est adapt\u00e9 \u00e0 nos besoins sans aucun probl\u00e8me. Mon mari est irlandais et comme ni lui ni sa famille\/amis ne parlent espagnol, nous avions besoin de quelqu&#8217;un qui puisse nous faire la c\u00e9r\u00e9monie dans les deux langues. Nous avons choisi le rituel du sable, ce qui a beaucoup plu aux invit\u00e9s, car ce n&#8217;est pas quelque chose que l&#8217;on voit normalement. D\u00e8s le d\u00e9but, nous savions que nous ne voulions pas nous marier \u00e0 l&#8217;\u00e9glise et j&#8217;ai eu un peu de mal \u00e0 imaginer comment se d\u00e9roulerait notre c\u00e9r\u00e9monie. Gr\u00e2ce \u00e0 Antonio, tout s&#8217;est super bien pass\u00e9. Merci beaucoup Antonio d&#8217;avoir fait de notre journ\u00e9e un moment inoubliable.      <\/p>\n\n<p><\/p>\n","protected":false},"excerpt":{"rendered":"<p>Voici quelques captures d&#8217;\u00e9cran des avis de nos couples et voici un lien vers les avis qui apparaissent sur Google. L&#8217;officiant parfait.Antonio a c\u00e9l\u00e9br\u00e9 notre mariage en espagnol et en anglais, il s&#8217;est parfaitement adapt\u00e9 [&hellip;]<\/p>\n","protected":false},"author":1,"featured_media":0,"parent":0,"menu_order":0,"comment_status":"closed","ping_status":"closed","template":"templates\/template-fullwidth-boxed.php","meta":{"footnotes":""},"class_list":["post-835","page","type-page","status-publish","hentry"],"yoast_head":"<!-- This site is optimized with the Yoast SEO plugin v27.4 - https:\/\/yoast.com\/product\/yoast-seo-wordpress\/ -->\n<title>Avis - Oficiante bodas M\u00e1laga<\/title>\n<meta name=\"description\" content=\"Avis, opinions, t\u00e9moignages, commentaires sur Oficiante Boda M\u00e1laga.\" \/>\n<meta name=\"robots\" content=\"index, follow, max-snippet:-1, max-image-preview:large, max-video-preview:-1\" \/>\n<link rel=\"canonical\" href=\"https:\/\/oficiantemalaga.es\/fr\/avis\/\" \/>\n<meta property=\"og:locale\" content=\"fr_FR\" \/>\n<meta property=\"og:type\" content=\"article\" \/>\n<meta property=\"og:title\" content=\"Avis - Oficiante bodas M\u00e1laga\" \/>\n<meta property=\"og:description\" content=\"Avis, opinions, t\u00e9moignages, commentaires sur Oficiante Boda M\u00e1laga.\" \/>\n<meta property=\"og:url\" content=\"https:\/\/oficiantemalaga.es\/fr\/avis\/\" \/>\n<meta property=\"og:site_name\" content=\"Oficiante bodas M\u00e1laga\" \/>\n<meta property=\"article:modified_time\" content=\"2026-01-14T11:10:04+00:00\" \/>\n<meta name=\"twitter:card\" content=\"summary_large_image\" \/>\n<meta name=\"twitter:label1\" content=\"Dur\u00e9e de lecture estim\u00e9e\" \/>\n\t<meta name=\"twitter:data1\" content=\"6 minutes\" \/>\n<script type=\"application\/ld+json\" class=\"yoast-schema-graph\">{\"@context\":\"https:\\\/\\\/schema.org\",\"@graph\":[{\"@type\":\"WebPage\",\"@id\":\"https:\\\/\\\/oficiantemalaga.es\\\/fr\\\/avis\\\/\",\"url\":\"https:\\\/\\\/oficiantemalaga.es\\\/fr\\\/avis\\\/\",\"name\":\"Avis - Oficiante bodas M\u00e1laga\",\"isPartOf\":{\"@id\":\"https:\\\/\\\/oficiantemalaga.es\\\/fr\\\/#website\"},\"primaryImageOfPage\":{\"@id\":\"https:\\\/\\\/oficiantemalaga.es\\\/fr\\\/avis\\\/#primaryimage\"},\"image\":{\"@id\":\"https:\\\/\\\/oficiantemalaga.es\\\/fr\\\/avis\\\/#primaryimage\"},\"thumbnailUrl\":\"https:\\\/\\\/oficiantesandalucia.es\\\/wp-content\\\/uploads\\\/2024\\\/04\\\/Opiniones-y-comentarios-Oficiantes-Celebrant-F01-1-300x200.jpg.webp\",\"datePublished\":\"2021-08-02T13:55:59+00:00\",\"dateModified\":\"2026-01-14T11:10:04+00:00\",\"description\":\"Avis, opinions, t\u00e9moignages, commentaires sur Oficiante Boda M\u00e1laga.\",\"breadcrumb\":{\"@id\":\"https:\\\/\\\/oficiantemalaga.es\\\/fr\\\/avis\\\/#breadcrumb\"},\"inLanguage\":\"fr-FR\",\"potentialAction\":[{\"@type\":\"ReadAction\",\"target\":[\"https:\\\/\\\/oficiantemalaga.es\\\/fr\\\/avis\\\/\"]}]},{\"@type\":\"ImageObject\",\"inLanguage\":\"fr-FR\",\"@id\":\"https:\\\/\\\/oficiantemalaga.es\\\/fr\\\/avis\\\/#primaryimage\",\"url\":\"https:\\\/\\\/oficiantesandalucia.es\\\/wp-content\\\/uploads\\\/2024\\\/04\\\/Opiniones-y-comentarios-Oficiantes-Celebrant-F01-1-300x200.jpg.webp\",\"contentUrl\":\"https:\\\/\\\/oficiantesandalucia.es\\\/wp-content\\\/uploads\\\/2024\\\/04\\\/Opiniones-y-comentarios-Oficiantes-Celebrant-F01-1-300x200.jpg.webp\"},{\"@type\":\"BreadcrumbList\",\"@id\":\"https:\\\/\\\/oficiantemalaga.es\\\/fr\\\/avis\\\/#breadcrumb\",\"itemListElement\":[{\"@type\":\"ListItem\",\"position\":1,\"name\":\"Portada\",\"item\":\"https:\\\/\\\/oficiantemalaga.es\\\/fr\\\/\"},{\"@type\":\"ListItem\",\"position\":2,\"name\":\"Avis\"}]},{\"@type\":\"WebSite\",\"@id\":\"https:\\\/\\\/oficiantemalaga.es\\\/fr\\\/#website\",\"url\":\"https:\\\/\\\/oficiantemalaga.es\\\/fr\\\/\",\"name\":\"Oficiante bodas M\u00e1laga\",\"description\":\"Ceremonias personalizadas\",\"publisher\":{\"@id\":\"https:\\\/\\\/oficiantemalaga.es\\\/fr\\\/#organization\"},\"potentialAction\":[{\"@type\":\"SearchAction\",\"target\":{\"@type\":\"EntryPoint\",\"urlTemplate\":\"https:\\\/\\\/oficiantemalaga.es\\\/fr\\\/?s={search_term_string}\"},\"query-input\":{\"@type\":\"PropertyValueSpecification\",\"valueRequired\":true,\"valueName\":\"search_term_string\"}}],\"inLanguage\":\"fr-FR\"},{\"@type\":\"Organization\",\"@id\":\"https:\\\/\\\/oficiantemalaga.es\\\/fr\\\/#organization\",\"name\":\"Oficiante bodas M\u00e1laga\",\"url\":\"https:\\\/\\\/oficiantemalaga.es\\\/fr\\\/\",\"logo\":{\"@type\":\"ImageObject\",\"inLanguage\":\"fr-FR\",\"@id\":\"https:\\\/\\\/oficiantemalaga.es\\\/fr\\\/#\\\/schema\\\/logo\\\/image\\\/\",\"url\":\"https:\\\/\\\/oficiantemalaga.es\\\/wp-content\\\/uploads\\\/2025\\\/05\\\/Oficiante.jpeg\",\"contentUrl\":\"https:\\\/\\\/oficiantemalaga.es\\\/wp-content\\\/uploads\\\/2025\\\/05\\\/Oficiante.jpeg\",\"width\":368,\"height\":393,\"caption\":\"Oficiante bodas M\u00e1laga\"},\"image\":{\"@id\":\"https:\\\/\\\/oficiantemalaga.es\\\/fr\\\/#\\\/schema\\\/logo\\\/image\\\/\"},\"sameAs\":[\"https:\\\/\\\/www.instagram.com\\\/oficiante_bodas_malaga\"]}]}<\/script>\n<!-- \/ Yoast SEO plugin. -->","yoast_head_json":{"title":"Avis - Oficiante bodas M\u00e1laga","description":"Avis, opinions, t\u00e9moignages, commentaires sur Oficiante Boda M\u00e1laga.","robots":{"index":"index","follow":"follow","max-snippet":"max-snippet:-1","max-image-preview":"max-image-preview:large","max-video-preview":"max-video-preview:-1"},"canonical":"https:\/\/oficiantemalaga.es\/fr\/avis\/","og_locale":"fr_FR","og_type":"article","og_title":"Avis - Oficiante bodas M\u00e1laga","og_description":"Avis, opinions, t\u00e9moignages, commentaires sur Oficiante Boda M\u00e1laga.","og_url":"https:\/\/oficiantemalaga.es\/fr\/avis\/","og_site_name":"Oficiante bodas M\u00e1laga","article_modified_time":"2026-01-14T11:10:04+00:00","twitter_card":"summary_large_image","twitter_misc":{"Dur\u00e9e de lecture estim\u00e9e":"6 minutes"},"schema":{"@context":"https:\/\/schema.org","@graph":[{"@type":"WebPage","@id":"https:\/\/oficiantemalaga.es\/fr\/avis\/","url":"https:\/\/oficiantemalaga.es\/fr\/avis\/","name":"Avis - Oficiante bodas M\u00e1laga","isPartOf":{"@id":"https:\/\/oficiantemalaga.es\/fr\/#website"},"primaryImageOfPage":{"@id":"https:\/\/oficiantemalaga.es\/fr\/avis\/#primaryimage"},"image":{"@id":"https:\/\/oficiantemalaga.es\/fr\/avis\/#primaryimage"},"thumbnailUrl":"https:\/\/oficiantesandalucia.es\/wp-content\/uploads\/2024\/04\/Opiniones-y-comentarios-Oficiantes-Celebrant-F01-1-300x200.jpg.webp","datePublished":"2021-08-02T13:55:59+00:00","dateModified":"2026-01-14T11:10:04+00:00","description":"Avis, opinions, t\u00e9moignages, commentaires sur Oficiante Boda M\u00e1laga.","breadcrumb":{"@id":"https:\/\/oficiantemalaga.es\/fr\/avis\/#breadcrumb"},"inLanguage":"fr-FR","potentialAction":[{"@type":"ReadAction","target":["https:\/\/oficiantemalaga.es\/fr\/avis\/"]}]},{"@type":"ImageObject","inLanguage":"fr-FR","@id":"https:\/\/oficiantemalaga.es\/fr\/avis\/#primaryimage","url":"https:\/\/oficiantesandalucia.es\/wp-content\/uploads\/2024\/04\/Opiniones-y-comentarios-Oficiantes-Celebrant-F01-1-300x200.jpg.webp","contentUrl":"https:\/\/oficiantesandalucia.es\/wp-content\/uploads\/2024\/04\/Opiniones-y-comentarios-Oficiantes-Celebrant-F01-1-300x200.jpg.webp"},{"@type":"BreadcrumbList","@id":"https:\/\/oficiantemalaga.es\/fr\/avis\/#breadcrumb","itemListElement":[{"@type":"ListItem","position":1,"name":"Portada","item":"https:\/\/oficiantemalaga.es\/fr\/"},{"@type":"ListItem","position":2,"name":"Avis"}]},{"@type":"WebSite","@id":"https:\/\/oficiantemalaga.es\/fr\/#website","url":"https:\/\/oficiantemalaga.es\/fr\/","name":"Oficiante bodas M\u00e1laga","description":"Ceremonias personalizadas","publisher":{"@id":"https:\/\/oficiantemalaga.es\/fr\/#organization"},"potentialAction":[{"@type":"SearchAction","target":{"@type":"EntryPoint","urlTemplate":"https:\/\/oficiantemalaga.es\/fr\/?s={search_term_string}"},"query-input":{"@type":"PropertyValueSpecification","valueRequired":true,"valueName":"search_term_string"}}],"inLanguage":"fr-FR"},{"@type":"Organization","@id":"https:\/\/oficiantemalaga.es\/fr\/#organization","name":"Oficiante bodas M\u00e1laga","url":"https:\/\/oficiantemalaga.es\/fr\/","logo":{"@type":"ImageObject","inLanguage":"fr-FR","@id":"https:\/\/oficiantemalaga.es\/fr\/#\/schema\/logo\/image\/","url":"https:\/\/oficiantemalaga.es\/wp-content\/uploads\/2025\/05\/Oficiante.jpeg","contentUrl":"https:\/\/oficiantemalaga.es\/wp-content\/uploads\/2025\/05\/Oficiante.jpeg","width":368,"height":393,"caption":"Oficiante bodas M\u00e1laga"},"image":{"@id":"https:\/\/oficiantemalaga.es\/fr\/#\/schema\/logo\/image\/"},"sameAs":["https:\/\/www.instagram.com\/oficiante_bodas_malaga"]}]}},"_links":{"self":[{"href":"https:\/\/oficiantemalaga.es\/fr\/wp-json\/wp\/v2\/pages\/835","targetHints":{"allow":["GET"]}}],"collection":[{"href":"https:\/\/oficiantemalaga.es\/fr\/wp-json\/wp\/v2\/pages"}],"about":[{"href":"https:\/\/oficiantemalaga.es\/fr\/wp-json\/wp\/v2\/types\/page"}],"author":[{"embeddable":true,"href":"https:\/\/oficiantemalaga.es\/fr\/wp-json\/wp\/v2\/users\/1"}],"replies":[{"embeddable":true,"href":"https:\/\/oficiantemalaga.es\/fr\/wp-json\/wp\/v2\/comments?post=835"}],"version-history":[{"count":1,"href":"https:\/\/oficiantemalaga.es\/fr\/wp-json\/wp\/v2\/pages\/835\/revisions"}],"predecessor-version":[{"id":836,"href":"https:\/\/oficiantemalaga.es\/fr\/wp-json\/wp\/v2\/pages\/835\/revisions\/836"}],"wp:attachment":[{"href":"https:\/\/oficiantemalaga.es\/fr\/wp-json\/wp\/v2\/media?parent=835"}],"curies":[{"name":"wp","href":"https:\/\/api.w.org\/{rel}","templated":true}]}}