{"id":850,"date":"2021-07-28T12:54:51","date_gmt":"2021-07-28T12:54:51","guid":{"rendered":"https:\/\/oficiantemalaga.es\/contact\/"},"modified":"2026-01-14T11:16:40","modified_gmt":"2026-01-14T11:16:40","slug":"contact","status":"publish","type":"page","link":"https:\/\/oficiantemalaga.es\/fr\/contact\/","title":{"rendered":"Contact"},"content":{"rendered":"\n<p>Nous pouvons r\u00e9aliser votre c\u00e9r\u00e9monie civile en espagnol ou en fran\u00e7ais, anglais, italien, portugais, su\u00e9dois et allemand. \u00c9galement en 2 langues \u00e0 la fois.  <em><strong>Demandez un entretien par appel vid\u00e9o !<\/strong><\/em><\/p>\n<div class=\"wp-block-image\">\n<figure class=\"aligncenter size-large is-resized\"><img decoding=\"async\" src=\"https:\/\/oficiantesandalucia.es\/wp-content\/uploads\/2024\/02\/Banderas-oficiantes-Celebrants-Spain_F01-1-1024x116.png\" alt=\"\" class=\"wp-image-1037\" style=\"width:652px;height:auto\"\/><\/figure>\n<\/div>\n<p><em>Pour v\u00e9rifier la disponibilit\u00e9, veuillez nous envoyer un e-mail ou un WhatsApp avec les informations suivantes :<\/em><\/p>\n\n<p>Date de la c\u00e9r\u00e9monie :<\/p>\n\n<p>Heure de la c\u00e9r\u00e9monie :<\/p>\n\n<p>Lieu de c\u00e9l\u00e9bration de la c\u00e9r\u00e9monie : H\u00f4tel, domaine, restaurant&#8230;<\/p>\n\n<p>Commune :<\/p>\n\n<p>Nombre approximatif d&#8217;invit\u00e9s :<\/p>\n\n<p>Langue(s) :<\/p>\n\n<p><strong>Par e-mail :<\/strong> <em>antonio@oficiantemalaga.es<\/em><\/p>\n\n<p><strong>Par WhatsApp :<\/strong> (+34) 699 903 691<\/p>\n","protected":false},"excerpt":{"rendered":"<p>Nous pouvons r\u00e9aliser votre c\u00e9r\u00e9monie civile en espagnol ou en fran\u00e7ais, anglais, italien, portugais, su\u00e9dois et allemand. \u00c9galement en 2 langues \u00e0 la fois. Demandez un entretien par appel vid\u00e9o ! Pour v\u00e9rifier la disponibilit\u00e9, [&hellip;]<\/p>\n","protected":false},"author":1,"featured_media":0,"parent":0,"menu_order":0,"comment_status":"closed","ping_status":"closed","template":"","meta":{"footnotes":""},"class_list":["post-850","page","type-page","status-publish","hentry"],"yoast_head":"<!-- This site is optimized with the Yoast SEO plugin v27.4 - https:\/\/yoast.com\/product\/yoast-seo-wordpress\/ -->\n<title>Contact - Oficiante bodas M\u00e1laga<\/title>\n<meta name=\"description\" content=\"Officiant de mariage M\u00e1laga, officiant de c\u00e9r\u00e9monies civiles \u00e0 M\u00e1laga, ma\u00eetre de c\u00e9r\u00e9monie M\u00e1laga, Marbella, Sotogrande, Ronda, Nerja.\" \/>\n<meta name=\"robots\" content=\"index, follow, max-snippet:-1, max-image-preview:large, max-video-preview:-1\" \/>\n<link rel=\"canonical\" href=\"https:\/\/oficiantemalaga.es\/fr\/contact\/\" \/>\n<meta property=\"og:locale\" content=\"fr_FR\" \/>\n<meta property=\"og:type\" content=\"article\" \/>\n<meta property=\"og:title\" content=\"Contact - Oficiante bodas M\u00e1laga\" \/>\n<meta property=\"og:description\" content=\"Officiant de mariage M\u00e1laga, officiant de c\u00e9r\u00e9monies civiles \u00e0 M\u00e1laga, ma\u00eetre de c\u00e9r\u00e9monie M\u00e1laga, Marbella, Sotogrande, Ronda, Nerja.\" \/>\n<meta property=\"og:url\" content=\"https:\/\/oficiantemalaga.es\/fr\/contact\/\" \/>\n<meta property=\"og:site_name\" content=\"Oficiante bodas M\u00e1laga\" \/>\n<meta property=\"article:modified_time\" content=\"2026-01-14T11:16:40+00:00\" \/>\n<meta property=\"og:image\" content=\"https:\/\/oficiantemalaga.es\/wp-content\/uploads\/2021\/07\/Oficiante-bodas-Velez.jpeg\" \/>\n\t<meta property=\"og:image:width\" content=\"1900\" \/>\n\t<meta property=\"og:image:height\" content=\"1266\" \/>\n\t<meta property=\"og:image:type\" content=\"image\/jpeg\" \/>\n<meta name=\"twitter:card\" content=\"summary_large_image\" \/>\n<script type=\"application\/ld+json\" class=\"yoast-schema-graph\">{\"@context\":\"https:\\\/\\\/schema.org\",\"@graph\":[{\"@type\":\"WebPage\",\"@id\":\"https:\\\/\\\/oficiantemalaga.es\\\/fr\\\/contact\\\/\",\"url\":\"https:\\\/\\\/oficiantemalaga.es\\\/fr\\\/contact\\\/\",\"name\":\"Contact - Oficiante bodas M\u00e1laga\",\"isPartOf\":{\"@id\":\"https:\\\/\\\/oficiantemalaga.es\\\/fr\\\/#website\"},\"primaryImageOfPage\":{\"@id\":\"https:\\\/\\\/oficiantemalaga.es\\\/fr\\\/contact\\\/#primaryimage\"},\"image\":{\"@id\":\"https:\\\/\\\/oficiantemalaga.es\\\/fr\\\/contact\\\/#primaryimage\"},\"thumbnailUrl\":\"https:\\\/\\\/oficiantesandalucia.es\\\/wp-content\\\/uploads\\\/2024\\\/02\\\/Banderas-oficiantes-Celebrants-Spain_F01-1-1024x116.png\",\"datePublished\":\"2021-07-28T12:54:51+00:00\",\"dateModified\":\"2026-01-14T11:16:40+00:00\",\"description\":\"Officiant de mariage M\u00e1laga, officiant de c\u00e9r\u00e9monies civiles \u00e0 M\u00e1laga, ma\u00eetre de c\u00e9r\u00e9monie M\u00e1laga, Marbella, Sotogrande, Ronda, Nerja.\",\"breadcrumb\":{\"@id\":\"https:\\\/\\\/oficiantemalaga.es\\\/fr\\\/contact\\\/#breadcrumb\"},\"inLanguage\":\"fr-FR\",\"potentialAction\":[{\"@type\":\"ReadAction\",\"target\":[\"https:\\\/\\\/oficiantemalaga.es\\\/fr\\\/contact\\\/\"]}]},{\"@type\":\"ImageObject\",\"inLanguage\":\"fr-FR\",\"@id\":\"https:\\\/\\\/oficiantemalaga.es\\\/fr\\\/contact\\\/#primaryimage\",\"url\":\"https:\\\/\\\/oficiantesandalucia.es\\\/wp-content\\\/uploads\\\/2024\\\/02\\\/Banderas-oficiantes-Celebrants-Spain_F01-1-1024x116.png\",\"contentUrl\":\"https:\\\/\\\/oficiantesandalucia.es\\\/wp-content\\\/uploads\\\/2024\\\/02\\\/Banderas-oficiantes-Celebrants-Spain_F01-1-1024x116.png\"},{\"@type\":\"BreadcrumbList\",\"@id\":\"https:\\\/\\\/oficiantemalaga.es\\\/fr\\\/contact\\\/#breadcrumb\",\"itemListElement\":[{\"@type\":\"ListItem\",\"position\":1,\"name\":\"Portada\",\"item\":\"https:\\\/\\\/oficiantemalaga.es\\\/fr\\\/\"},{\"@type\":\"ListItem\",\"position\":2,\"name\":\"Contact\"}]},{\"@type\":\"WebSite\",\"@id\":\"https:\\\/\\\/oficiantemalaga.es\\\/fr\\\/#website\",\"url\":\"https:\\\/\\\/oficiantemalaga.es\\\/fr\\\/\",\"name\":\"Oficiante bodas M\u00e1laga\",\"description\":\"Ceremonias personalizadas\",\"publisher\":{\"@id\":\"https:\\\/\\\/oficiantemalaga.es\\\/fr\\\/#organization\"},\"potentialAction\":[{\"@type\":\"SearchAction\",\"target\":{\"@type\":\"EntryPoint\",\"urlTemplate\":\"https:\\\/\\\/oficiantemalaga.es\\\/fr\\\/?s={search_term_string}\"},\"query-input\":{\"@type\":\"PropertyValueSpecification\",\"valueRequired\":true,\"valueName\":\"search_term_string\"}}],\"inLanguage\":\"fr-FR\"},{\"@type\":\"Organization\",\"@id\":\"https:\\\/\\\/oficiantemalaga.es\\\/fr\\\/#organization\",\"name\":\"Oficiante bodas M\u00e1laga\",\"url\":\"https:\\\/\\\/oficiantemalaga.es\\\/fr\\\/\",\"logo\":{\"@type\":\"ImageObject\",\"inLanguage\":\"fr-FR\",\"@id\":\"https:\\\/\\\/oficiantemalaga.es\\\/fr\\\/#\\\/schema\\\/logo\\\/image\\\/\",\"url\":\"https:\\\/\\\/oficiantemalaga.es\\\/wp-content\\\/uploads\\\/2025\\\/05\\\/Oficiante.jpeg\",\"contentUrl\":\"https:\\\/\\\/oficiantemalaga.es\\\/wp-content\\\/uploads\\\/2025\\\/05\\\/Oficiante.jpeg\",\"width\":368,\"height\":393,\"caption\":\"Oficiante bodas M\u00e1laga\"},\"image\":{\"@id\":\"https:\\\/\\\/oficiantemalaga.es\\\/fr\\\/#\\\/schema\\\/logo\\\/image\\\/\"},\"sameAs\":[\"https:\\\/\\\/www.instagram.com\\\/oficiante_bodas_malaga\"]}]}<\/script>\n<!-- \/ Yoast SEO plugin. -->","yoast_head_json":{"title":"Contact - Oficiante bodas M\u00e1laga","description":"Officiant de mariage M\u00e1laga, officiant de c\u00e9r\u00e9monies civiles \u00e0 M\u00e1laga, ma\u00eetre de c\u00e9r\u00e9monie M\u00e1laga, Marbella, Sotogrande, Ronda, Nerja.","robots":{"index":"index","follow":"follow","max-snippet":"max-snippet:-1","max-image-preview":"max-image-preview:large","max-video-preview":"max-video-preview:-1"},"canonical":"https:\/\/oficiantemalaga.es\/fr\/contact\/","og_locale":"fr_FR","og_type":"article","og_title":"Contact - Oficiante bodas M\u00e1laga","og_description":"Officiant de mariage M\u00e1laga, officiant de c\u00e9r\u00e9monies civiles \u00e0 M\u00e1laga, ma\u00eetre de c\u00e9r\u00e9monie M\u00e1laga, Marbella, Sotogrande, Ronda, Nerja.","og_url":"https:\/\/oficiantemalaga.es\/fr\/contact\/","og_site_name":"Oficiante bodas M\u00e1laga","article_modified_time":"2026-01-14T11:16:40+00:00","og_image":[{"width":1900,"height":1266,"url":"https:\/\/oficiantemalaga.es\/wp-content\/uploads\/2021\/07\/Oficiante-bodas-Velez.jpeg","type":"image\/jpeg"}],"twitter_card":"summary_large_image","schema":{"@context":"https:\/\/schema.org","@graph":[{"@type":"WebPage","@id":"https:\/\/oficiantemalaga.es\/fr\/contact\/","url":"https:\/\/oficiantemalaga.es\/fr\/contact\/","name":"Contact - Oficiante bodas M\u00e1laga","isPartOf":{"@id":"https:\/\/oficiantemalaga.es\/fr\/#website"},"primaryImageOfPage":{"@id":"https:\/\/oficiantemalaga.es\/fr\/contact\/#primaryimage"},"image":{"@id":"https:\/\/oficiantemalaga.es\/fr\/contact\/#primaryimage"},"thumbnailUrl":"https:\/\/oficiantesandalucia.es\/wp-content\/uploads\/2024\/02\/Banderas-oficiantes-Celebrants-Spain_F01-1-1024x116.png","datePublished":"2021-07-28T12:54:51+00:00","dateModified":"2026-01-14T11:16:40+00:00","description":"Officiant de mariage M\u00e1laga, officiant de c\u00e9r\u00e9monies civiles \u00e0 M\u00e1laga, ma\u00eetre de c\u00e9r\u00e9monie M\u00e1laga, Marbella, Sotogrande, Ronda, Nerja.","breadcrumb":{"@id":"https:\/\/oficiantemalaga.es\/fr\/contact\/#breadcrumb"},"inLanguage":"fr-FR","potentialAction":[{"@type":"ReadAction","target":["https:\/\/oficiantemalaga.es\/fr\/contact\/"]}]},{"@type":"ImageObject","inLanguage":"fr-FR","@id":"https:\/\/oficiantemalaga.es\/fr\/contact\/#primaryimage","url":"https:\/\/oficiantesandalucia.es\/wp-content\/uploads\/2024\/02\/Banderas-oficiantes-Celebrants-Spain_F01-1-1024x116.png","contentUrl":"https:\/\/oficiantesandalucia.es\/wp-content\/uploads\/2024\/02\/Banderas-oficiantes-Celebrants-Spain_F01-1-1024x116.png"},{"@type":"BreadcrumbList","@id":"https:\/\/oficiantemalaga.es\/fr\/contact\/#breadcrumb","itemListElement":[{"@type":"ListItem","position":1,"name":"Portada","item":"https:\/\/oficiantemalaga.es\/fr\/"},{"@type":"ListItem","position":2,"name":"Contact"}]},{"@type":"WebSite","@id":"https:\/\/oficiantemalaga.es\/fr\/#website","url":"https:\/\/oficiantemalaga.es\/fr\/","name":"Oficiante bodas M\u00e1laga","description":"Ceremonias personalizadas","publisher":{"@id":"https:\/\/oficiantemalaga.es\/fr\/#organization"},"potentialAction":[{"@type":"SearchAction","target":{"@type":"EntryPoint","urlTemplate":"https:\/\/oficiantemalaga.es\/fr\/?s={search_term_string}"},"query-input":{"@type":"PropertyValueSpecification","valueRequired":true,"valueName":"search_term_string"}}],"inLanguage":"fr-FR"},{"@type":"Organization","@id":"https:\/\/oficiantemalaga.es\/fr\/#organization","name":"Oficiante bodas M\u00e1laga","url":"https:\/\/oficiantemalaga.es\/fr\/","logo":{"@type":"ImageObject","inLanguage":"fr-FR","@id":"https:\/\/oficiantemalaga.es\/fr\/#\/schema\/logo\/image\/","url":"https:\/\/oficiantemalaga.es\/wp-content\/uploads\/2025\/05\/Oficiante.jpeg","contentUrl":"https:\/\/oficiantemalaga.es\/wp-content\/uploads\/2025\/05\/Oficiante.jpeg","width":368,"height":393,"caption":"Oficiante bodas M\u00e1laga"},"image":{"@id":"https:\/\/oficiantemalaga.es\/fr\/#\/schema\/logo\/image\/"},"sameAs":["https:\/\/www.instagram.com\/oficiante_bodas_malaga"]}]}},"_links":{"self":[{"href":"https:\/\/oficiantemalaga.es\/fr\/wp-json\/wp\/v2\/pages\/850","targetHints":{"allow":["GET"]}}],"collection":[{"href":"https:\/\/oficiantemalaga.es\/fr\/wp-json\/wp\/v2\/pages"}],"about":[{"href":"https:\/\/oficiantemalaga.es\/fr\/wp-json\/wp\/v2\/types\/page"}],"author":[{"embeddable":true,"href":"https:\/\/oficiantemalaga.es\/fr\/wp-json\/wp\/v2\/users\/1"}],"replies":[{"embeddable":true,"href":"https:\/\/oficiantemalaga.es\/fr\/wp-json\/wp\/v2\/comments?post=850"}],"version-history":[{"count":1,"href":"https:\/\/oficiantemalaga.es\/fr\/wp-json\/wp\/v2\/pages\/850\/revisions"}],"predecessor-version":[{"id":852,"href":"https:\/\/oficiantemalaga.es\/fr\/wp-json\/wp\/v2\/pages\/850\/revisions\/852"}],"wp:attachment":[{"href":"https:\/\/oficiantemalaga.es\/fr\/wp-json\/wp\/v2\/media?parent=850"}],"curies":[{"name":"wp","href":"https:\/\/api.w.org\/{rel}","templated":true}]}}